{"id":496,"date":"2018-01-07T19:04:27","date_gmt":"2018-01-08T00:04:27","guid":{"rendered":"http:\/\/www.essence.pe\/blog\/?page_id=496"},"modified":"2024-04-23T18:03:54","modified_gmt":"2024-04-23T23:03:54","slug":"sobre-nosotros","status":"publish","type":"page","link":"https:\/\/www.essence.pe\/blog\/sobre-nosotros\/","title":{"rendered":"Sobre nosotros"},"content":{"rendered":"<p>[et_pb_section fb_built=\u00bb1&#8243; admin_label=\u00bbsection\u00bb _builder_version=\u00bb4.16&#8243; global_colors_info=\u00bb{}\u00bb][et_pb_row admin_label=\u00bbrow\u00bb _builder_version=\u00bb4.16&#8243; background_size=\u00bbinitial\u00bb background_position=\u00bbtop_left\u00bb background_repeat=\u00bbrepeat\u00bb global_colors_info=\u00bb{}\u00bb][et_pb_column type=\u00bb4_4&#8243; _builder_version=\u00bb4.16&#8243; custom_padding=\u00bb|||\u00bb global_colors_info=\u00bb{}\u00bb custom_padding__hover=\u00bb|||\u00bb][et_pb_text admin_label=\u00bbText\u00bb _builder_version=\u00bb4.19.4&#8243; background_size=\u00bbinitial\u00bb background_position=\u00bbtop_left\u00bb background_repeat=\u00bbrepeat\u00bb hover_enabled=\u00bb0&#8243; global_colors_info=\u00bb{}\u00bb sticky_enabled=\u00bb0&#8243;]<\/p>\n<h1><strong>Expertos en tratamiento de agua en el Per\u00fa<\/strong><\/h1>\n<p>Somos un grupo de ingenieros con amplia experiencia en el tratamiento de agua, queremos llevar equipos de la m\u00e1s alta calidad a todos los empresarios peruanos, nuestros equipos son en acero inoxidable y de las marcas m\u00e1s prestigiosas a nivel mundial como: General electric, DOW, TORAY, Viquea, Ozotech, y Pentair.<\/p>\n<p>Nuestro objetivo es ofrecer el mejor servicio para todos nuestros clientes, una asesor\u00eda t\u00e9cnica personalizada.<\/p>\n<p>Queremos ser la elecci\u00f3n N\u00b0 1 para nuestros clientes en plantas de agua de mesa, plantas purificadoras y embotelladoras a nivel de todo el Per\u00fa.<\/p>\n<p>\u00bb Queremos ayudarte a realizar tus sue\u00f1os con seguridad y confianza\u00bb.<\/p>\n<p>Correo: aguaessence@gmail.com<\/p>\n<p>Tel\u00e9fono: <strong>954 609 427<\/strong><\/p>\n<p>&nbsp;<\/p>\n<p>[\/et_pb_text][\/et_pb_column][\/et_pb_row][\/et_pb_section]<\/p>\n","protected":false},"excerpt":{"rendered":"<p>Expertos en tratamiento de agua en el Per\u00fa Somos un grupo de ingenieros con amplia experiencia en el tratamiento de agua, queremos llevar equipos de la m\u00e1s alta calidad a todos los empresarios peruanos, nuestros equipos son en acero inoxidable y de las marcas m\u00e1s prestigiosas a nivel mundial como: General electric, DOW, TORAY, Viquea, [&hellip;]<\/p>\n","protected":false},"author":1,"featured_media":0,"parent":0,"menu_order":0,"comment_status":"closed","ping_status":"closed","template":"","meta":{"_et_pb_use_builder":"on","_et_pb_old_content":"<h1><strong>Expertos en tratamiento de agua en el Per\u00fa<\/strong><\/h1>\r\nSomos un grupo de ingenieros con amplia experiencia en el tratamiento de agua, queremos llevar equipos de la m\u00e1s alta calidad a todos los empresarios peruanos, nuestros equipos son en acero inoxidable y de las marcas m\u00e1s prestigiosas a nivel mundial como: General electric, DOW, TORAY, Viquea, Ozotech, y Pentair.\r\n\r\nNuestro objetivo es ofrecer el mejor servicio para todos nuestros clientes, una asesor\u00eda t\u00e9cnica personalizada.\r\n\r\nQueremos ser la elecci\u00f3n N\u00b0 1 para nuestros clientes en plantas de agua de mesa, plantas purificadoras y embotelladoras a nivel de todo el Per\u00fa.\r\n\r\n\" Queremos ayudarte a realizar tus sue\u00f1os con seguridad y confianza\".\r\n\r\nCorreo: aguaessence@gmail.com\r\n\r\nTel\u00e9fono: <strong>941990526<\/strong>\r\n\r\n&nbsp;","_et_gb_content_width":""},"_links":{"self":[{"href":"https:\/\/www.essence.pe\/blog\/wp-json\/wp\/v2\/pages\/496"}],"collection":[{"href":"https:\/\/www.essence.pe\/blog\/wp-json\/wp\/v2\/pages"}],"about":[{"href":"https:\/\/www.essence.pe\/blog\/wp-json\/wp\/v2\/types\/page"}],"author":[{"embeddable":true,"href":"https:\/\/www.essence.pe\/blog\/wp-json\/wp\/v2\/users\/1"}],"replies":[{"embeddable":true,"href":"https:\/\/www.essence.pe\/blog\/wp-json\/wp\/v2\/comments?post=496"}],"version-history":[{"count":5,"href":"https:\/\/www.essence.pe\/blog\/wp-json\/wp\/v2\/pages\/496\/revisions"}],"predecessor-version":[{"id":552,"href":"https:\/\/www.essence.pe\/blog\/wp-json\/wp\/v2\/pages\/496\/revisions\/552"}],"wp:attachment":[{"href":"https:\/\/www.essence.pe\/blog\/wp-json\/wp\/v2\/media?parent=496"}],"curies":[{"name":"wp","href":"https:\/\/api.w.org\/{rel}","templated":true}]}}